{"id":2000,"date":"2019-04-01T07:33:54","date_gmt":"2019-04-01T07:33:54","guid":{"rendered":"https:\/\/trankad.modeltheme.com\/?page_id=2000"},"modified":"2021-08-25T16:11:18","modified_gmt":"2021-08-25T21:11:18","slug":"tsp-agro","status":"publish","type":"page","link":"http:\/\/liplata.pe\/site\/our-services\/tsp-agro\/","title":{"rendered":"TSP AGRO"},"content":{"rendered":"<p>[vc_row css=&#8221;.vc_custom_1529651725027{margin-top: 90px !important;margin-bottom: 0px !important;}&#8221;][vc_column]<div class=\"title-subtile-holder wow fadeInUp text_left\"><div class=\"section-subtitle dark_subtitle\"><\/div><h1 class=\"section-title dark_title\">TSP AGRO<\/h1><div class=\"section-border dark_border\"><\/div><\/div>[\/vc_column][\/vc_row][vc_row css=&#8221;.vc_custom_1529651728834{margin-top: 15px !important;margin-bottom: 80px !important;}&#8221;][vc_column width=&#8221;1\/2&#8243; css=&#8221;.vc_custom_1529651745809{padding-top: 5px !important;padding-right: 30px !important;}&#8221;][vc_column_text css_animation=&#8221;fadeInUp&#8221; css=&#8221;.vc_custom_1629922771849{margin-bottom: 30px !important;}&#8221;]<\/p>\r\n<h2><strong>\u00bfQU\u00c9 ES <img loading=\"lazy\" class=\"wp-image-43 alignnone\" style=\"max-width: 120px; vertical-align: bottom;\" src=\"http:\/\/liplata.pe\/site\/wp-content\/uploads\/2021\/03\/TSP_agro_sl.png\" alt=\"TSP AGRO\" width=\"75\" height=\"30\" \/>?<\/strong><\/h2>\r\n<p>Es una tecnolog\u00eda implementada usando un aditivo supresor de polvo org\u00e1nico y natural bajo estrictos protocolos de aplicaci\u00f3n, cuidando el medio ambiente de manera efectiva, segura y econ\u00f3mica.<\/p>\r\n<p>TSP<sub>AGRO<\/sub>\u00a0se aplica mediante regados de impregnaci\u00f3n superficial produciendo un sello sobre la carpeta de rodado evitando el desprendimiento de polvo y mejorando su durabilidad a bajo costo.<\/p>\r\n<p>Nuestros clientes lo dicen:\u00a0<em><strong>\u201c<\/strong><\/em><strong>TSP<sub>AGRO<\/sub>\u00a0 es la soluci\u00f3n efectiva y econ\u00f3mica contra el problema del polvo en la agricultura\u201d<\/strong>[\/vc_column_text][vc_column_text css_animation=&#8221;fadeInUp&#8221; css=&#8221;.vc_custom_1629925097377{padding-top: 0px !important;padding-bottom: 30px !important;}&#8221;]<\/p>\r\n<h2><strong>BENEFICIOS DEL\u00a0<img loading=\"lazy\" class=\"wp-image-43 alignnone\" style=\"max-width: 120px; vertical-align: bottom;\" src=\"http:\/\/liplata.pe\/site\/wp-content\/uploads\/2021\/03\/TSP_agro_sl.png\" alt=\"TSP AGRO\" width=\"75\" height=\"30\" \/><\/strong><\/h2>\r\n<ul>\r\n<li>Disminuci\u00f3n efectiva y econ\u00f3mica del polvo (90%).<\/li>\r\n<li>Mejora de la salud y el rendimiento de los cultivos.<\/li>\r\n<li>Ahorro en el consumo de agua (95%).<\/li>\r\n<li>Disminuci\u00f3n de da\u00f1os en el fruto transportado desde su cosecha hasta las naves de procesamiento.<\/li>\r\n<li>Mejora la apariencia del fruto. Ejemplo: La uva de exportaci\u00f3n.<\/li>\r\n<li>Contribuye al cumplimiento del sistema HACCP de los centros de producci\u00f3n (acopio, envasado y congelado) colindantes a los caminos.<\/li>\r\n<li>Ahorro e los costos de conservaci\u00f3n de caminos.<\/li>\r\n<\/ul>\r\n<!-- \/wp:quote -->\r\n<p>&nbsp;<\/p>\r\n<!-- wp:paragraph {\"className\":\" eplus-Q92SZ8\",\"epGeneratedClass\":\"eplus-Q92SZ8\",\"epAnimationGeneratedClass\":\"edplus_anim-Zac5Hj\"} -->\r\n<p>&nbsp;<\/p>\r\n<p>[\/vc_column_text][vc_column_text css_animation=&#8221;fadeInUp&#8221;]<\/p>\r\n<h2><strong><img loading=\"lazy\" class=\"wp-image-43 alignnone\" style=\"max-width: 120px; vertical-align: bottom;\" src=\"http:\/\/liplata.pe\/site\/wp-content\/uploads\/2021\/03\/TSP_agro_sl.png\" alt=\"TSP AGRO\" width=\"75\" height=\"30\" \/>\u00a0\u00a0Y EL MEDIO AMBIENTE<\/strong><\/h2>\r\n<ul>\r\n<li>El aglomerante aplicado es natural, incoloro e inodoro.<\/li>\r\n<li>No tiene impacto ambiental sobre el aire.<\/li>\r\n<li>No es contaminante, ni t\u00f3xico.<\/li>\r\n<li>Es inocuo en los cultivos.<\/li>\r\n<\/ul>\r\n<p>[\/vc_column_text][vc_column_text css_animation=&#8221;fadeInUp&#8221;]<\/p>\r\n<h2><strong><img loading=\"lazy\" class=\"wp-image-43 alignnone\" style=\"max-width: 120px; vertical-align: bottom;\" src=\"http:\/\/liplata.pe\/site\/wp-content\/uploads\/2021\/03\/TSP_agro_sl.png\" alt=\"TSP AGRO\" width=\"75\" height=\"30\" \/>\u00a0ES UN SERVICIO 100% INTEGRAL<\/strong><strong>\u00a0<\/strong><\/h2>\r\n<ol>\r\n<li>Evaluaci\u00f3n del problema y an\u00e1lisis de necesidades y expectativas (reuni\u00f3n t\u00e9cnica y visitas a campo)<\/li>\r\n<li>Asesor\u00eda y supervisi\u00f3n previa al tratamiento para el acondicionado del camino y superficies<\/li>\r\n<li>Log\u00edstica de abastecimiento y montaje de planta productiva<\/li>\r\n<li>Desarrollo de protocolos de riego personalizados (tasas, frecuencia, etc.)<\/li>\r\n<li>Monitoreo permanente del tratamiento con tecnolog\u00eda DustMate.<\/li>\r\n<li>Inspecci\u00f3n y evaluaci\u00f3n del PM post aplicaci\u00f3n.<\/li>\r\n<li>Programa de control de polvo por la temporada seca.<\/li>\r\n<\/ol>\r\n<p>[\/vc_column_text][\/vc_column][vc_column width=&#8221;1\/2&#8243; css=&#8221;.vc_custom_1614917163110{margin-top: 10px !important;border-top-width: 1px !important;padding-top: 145px !important;padding-bottom: 145px !important;border-radius: 2px !important;}&#8221;][vc_single_image image=&#8221;3199&#8243; img_size=&#8221;large&#8221; style=&#8221;vc_box_rounded&#8221; onclick=&#8221;custom_link&#8221; img_link_target=&#8221;_blank&#8221; css_animation=&#8221;fadeInUp&#8221; title=&#8221;Descargar Brochure&#8221; link=&#8221;http:\/\/liplata.pe\/site\/wp-content\/uploads\/2021\/03\/brochuretspmin.pdf&#8221;][vc_images_carousel images=&#8221;3198,3196,3067&#8243; img_size=&#8221;medium&#8221; speed=&#8221;4000&#8243; autoplay=&#8221;yes&#8221; hide_pagination_control=&#8221;yes&#8221; hide_prev_next_buttons=&#8221;yes&#8221; wrap=&#8221;yes&#8221; css_animation=&#8221;fadeInLeft&#8221; css=&#8221;.vc_custom_1629923768706{background-position: center !important;background-repeat: no-repeat !important;background-size: contain !important;}&#8221;][\/vc_column][\/vc_row][vc_row full_width=&#8221;stretch_row&#8221; css=&#8221;.vc_custom_1553009489731{margin-bottom: 0px !important;padding-top: 0px !important;padding-bottom: 0px !important;background-color: #151515 !important;}&#8221;][vc_column][vc_row_inner css=&#8221;.vc_custom_1552647182103{margin-bottom: 0px !important;}&#8221;][vc_column_inner width=&#8221;7\/12&#8243; css=&#8221;.vc_custom_1553009441969{padding-top: 65px !important;padding-right: 50px !important;padding-bottom: 80px !important;}&#8221;][vc_column_text css_animation=&#8221;fadeInUp&#8221;]<div role=\"form\" class=\"wpcf7\" id=\"wpcf7-f3022-o1\" lang=\"en-US\" dir=\"ltr\">\n<div class=\"screen-reader-response\"><p role=\"status\" aria-live=\"polite\" aria-atomic=\"true\"><\/p> <ul><\/ul><\/div>\n<form action=\"\/site\/wp-json\/wp\/v2\/pages\/2000#wpcf7-f3022-o1\" method=\"post\" class=\"wpcf7-form init\" novalidate=\"novalidate\" data-status=\"init\">\n<div style=\"display: none;\">\n<input type=\"hidden\" name=\"_wpcf7\" value=\"3022\" \/>\n<input type=\"hidden\" name=\"_wpcf7_version\" value=\"5.4.2\" \/>\n<input type=\"hidden\" name=\"_wpcf7_locale\" value=\"en_US\" \/>\n<input type=\"hidden\" name=\"_wpcf7_unit_tag\" value=\"wpcf7-f3022-o1\" \/>\n<input type=\"hidden\" name=\"_wpcf7_container_post\" value=\"0\" \/>\n<input type=\"hidden\" name=\"_wpcf7_posted_data_hash\" value=\"\" \/>\n<\/div>\n<p><label> Tu nombre<br \/>\n    <span class=\"wpcf7-form-control-wrap your-name\"><input type=\"text\" name=\"your-name\" value=\"\" size=\"40\" class=\"wpcf7-form-control wpcf7-text wpcf7-validates-as-required\" aria-required=\"true\" aria-invalid=\"false\" \/><\/span> <\/label><\/p>\n<p><label> Tu correo electr\u00f3nico<br \/>\n    <span class=\"wpcf7-form-control-wrap your-email\"><input type=\"email\" name=\"your-email\" value=\"\" size=\"40\" class=\"wpcf7-form-control wpcf7-text wpcf7-email wpcf7-validates-as-required wpcf7-validates-as-email\" aria-required=\"true\" aria-invalid=\"false\" \/><\/span> <\/label><\/p>\n<p><label> Tel\u00e9fono<br \/>\n<span class=\"wpcf7-form-control-wrap tel-283\"><input type=\"tel\" name=\"tel-283\" value=\"\" size=\"40\" class=\"wpcf7-form-control wpcf7-text wpcf7-tel wpcf7-validates-as-required wpcf7-validates-as-tel\" aria-required=\"true\" aria-invalid=\"false\" \/><\/span><\/label><\/p>\n<p><label> Asunto<br \/>\n    <span class=\"wpcf7-form-control-wrap your-subject\"><input type=\"text\" name=\"your-subject\" value=\"\" size=\"40\" class=\"wpcf7-form-control wpcf7-text wpcf7-validates-as-required\" aria-required=\"true\" aria-invalid=\"false\" \/><\/span> <\/label><\/p>\n<p><label> Tu mensaje (optional)<br \/>\n    <span class=\"wpcf7-form-control-wrap your-message\"><textarea name=\"your-message\" cols=\"40\" rows=\"10\" class=\"wpcf7-form-control wpcf7-textarea\" aria-invalid=\"false\"><\/textarea><\/span> <\/label><\/p>\n<p><input type=\"submit\" value=\"Enviar\" class=\"wpcf7-form-control wpcf7-submit\" \/><\/p>\n<div class=\"wpcf7-response-output\" aria-hidden=\"true\"><\/div><\/form><\/div>[\/vc_column_text][\/vc_column_inner][vc_column_inner width=&#8221;5\/12&#8243;][vc_column_text css_animation=&#8221;fadeInUp&#8221;]<img src=\"http:\/\/liplata.pe\/site\/wp-content\/uploads\/2019\/03\/contact-man-bg-3.png\" alt=\"man\" \/>[\/vc_column_text][\/vc_column_inner][\/vc_row_inner][\/vc_column][\/vc_row][vc_row][vc_column][vc_column_text]<\/p>\r\n<p><!-- \/wp:paragraph -->[\/vc_column_text][\/vc_column][\/vc_row]<\/p>","protected":false},"excerpt":{"rendered":"<p>[vc_row css=&#8221;.vc_custom_1529651725027{margin-top: 90px !important;margin-bottom: 0px !important;}&#8221;][vc_column][\/vc_column][\/vc_row][vc_row css=&#8221;.vc_custom_1529651728834{margin-top: 15px !important;margin-bottom: 80px !important;}&#8221;][vc_column width=&#8221;1\/2&#8243; css=&#8221;.vc_custom_1529651745809{padding-top: 5px !important;padding-right: 30px !important;}&#8221;][vc_column_text css_animation=&#8221;fadeInUp&#8221; css=&#8221;.vc_custom_1629922771849{margin-bottom: 30px !important;}&#8221;] \u00bfQU\u00c9 ES ? Es una tecnolog\u00eda implementada usando un aditivo supresor de polvo org\u00e1nico y natural bajo estrictos protocolos de aplicaci\u00f3n, cuidando el medio ambiente de manera efectiva, segura y econ\u00f3mica. TSPAGRO\u00a0se aplica mediante [&hellip;]<\/p>\n","protected":false},"author":1,"featured_media":0,"parent":415,"menu_order":0,"comment_status":"closed","ping_status":"closed","template":"","meta":[],"_links":{"self":[{"href":"http:\/\/liplata.pe\/site\/wp-json\/wp\/v2\/pages\/2000"}],"collection":[{"href":"http:\/\/liplata.pe\/site\/wp-json\/wp\/v2\/pages"}],"about":[{"href":"http:\/\/liplata.pe\/site\/wp-json\/wp\/v2\/types\/page"}],"author":[{"embeddable":true,"href":"http:\/\/liplata.pe\/site\/wp-json\/wp\/v2\/users\/1"}],"replies":[{"embeddable":true,"href":"http:\/\/liplata.pe\/site\/wp-json\/wp\/v2\/comments?post=2000"}],"version-history":[{"count":5,"href":"http:\/\/liplata.pe\/site\/wp-json\/wp\/v2\/pages\/2000\/revisions"}],"predecessor-version":[{"id":3210,"href":"http:\/\/liplata.pe\/site\/wp-json\/wp\/v2\/pages\/2000\/revisions\/3210"}],"up":[{"embeddable":true,"href":"http:\/\/liplata.pe\/site\/wp-json\/wp\/v2\/pages\/415"}],"wp:attachment":[{"href":"http:\/\/liplata.pe\/site\/wp-json\/wp\/v2\/media?parent=2000"}],"curies":[{"name":"wp","href":"https:\/\/api.w.org\/{rel}","templated":true}]}}