{"id":869,"date":"2018-07-10T12:13:20","date_gmt":"2018-07-10T12:13:20","guid":{"rendered":"http:\/\/trankad.modeltheme.com\/?page_id=869"},"modified":"2021-08-31T23:37:47","modified_gmt":"2021-09-01T04:37:47","slug":"contact-us","status":"publish","type":"page","link":"http:\/\/liplata.pe\/site\/contact-us\/","title":{"rendered":"CONTACTENOS"},"content":{"rendered":"<div class=\"wpb-content-wrapper\"><p>[vc_row full_width=\u00bbstretch_row\u00bb css=\u00bb.vc_custom_1553261080122{margin-bottom: 0px !important;padding-top: 55px !important;padding-bottom: 90px !important;background-position: center !important;background-repeat: no-repeat !important;background-size: cover !important;}\u00bb][vc_column]<div class=\"title-subtile-holder wow fadeInUp text_left\"><div class=\"section-subtitle dark_subtitle\">CONTACTENOS<\/div><h1 class=\"section-title dark_title\">Comun\u00edquese con nosotros para m\u00e1s informaci\u00f3n<\/h1><div class=\"section-border dark_border\"><\/div><\/div>[vc_row_inner css=\u00bb.vc_custom_1531225061169{margin-bottom: 30px !important;}\u00bb][vc_column_inner width=\u00bb1\/3&#8243;][vc_custom_heading text=\u00bbUbicaciones:\u00bb font_container=\u00bbtag:h2|font_size:17px|text_align:left|color:rgba(37%2C37%2C37%2C0.7)|line_height:20px\u00bb google_fonts=\u00bbfont_family:Montserrat%3Aregular%2C700|font_style:400%20regular%3A400%3Anormal\u00bb css_animation=\u00bbfadeInUp\u00bb][vc_custom_heading text=\u00bbLima | Chiclayo | Trujillo | Cajamarca | Arequipa | Moquegua\u00bb font_container=\u00bbtag:h2|font_size:25px|text_align:left|color:%23252525|line_height:35px\u00bb google_fonts=\u00bbfont_family:Montserrat%3Aregular%2C700|font_style:700%20bold%20regular%3A700%3Anormal\u00bb css_animation=\u00bbfadeInUp\u00bb css=\u00bb.vc_custom_1630471060159{margin-top: 10px !important;}\u00bb][\/vc_column_inner][vc_column_inner width=\u00bb1\/3&#8243;][vc_custom_heading text=\u00bbCorreo electr\u00f3nico:\u00bb font_container=\u00bbtag:h2|font_size:17px|text_align:left|color:rgba(37%2C37%2C37%2C0.7)|line_height:20px\u00bb google_fonts=\u00bbfont_family:Montserrat%3Aregular%2C700|font_style:400%20regular%3A400%3Anormal\u00bb css_animation=\u00bbfadeInUp\u00bb][vc_custom_heading text=\u00bbinfo@liplata.pe<br \/>\nventas@liplata.pe\u00bb font_container=\u00bbtag:h2|font_size:25px|text_align:left|color:%23252525|line_height:35px\u00bb google_fonts=\u00bbfont_family:Montserrat%3Aregular%2C700|font_style:700%20bold%20regular%3A700%3Anormal\u00bb css_animation=\u00bbfadeInUp\u00bb css=\u00bb.vc_custom_1614911257744{margin-top: 10px !important;}\u00bb][\/vc_column_inner][vc_column_inner width=\u00bb1\/3&#8243;][vc_custom_heading text=\u00bbTel\u00e9fono:\u00bb font_container=\u00bbtag:h2|font_size:17px|text_align:left|color:rgba(37%2C37%2C37%2C0.7)|line_height:20px\u00bb google_fonts=\u00bbfont_family:Montserrat%3Aregular%2C700|font_style:400%20regular%3A400%3Anormal\u00bb css_animation=\u00bbfadeInUp\u00bb][vc_custom_heading text=\u00bbOficina: (511) 4218741&#8243; font_container=\u00bbtag:h2|font_size:25px|text_align:left|color:%23252525|line_height:35px\u00bb google_fonts=\u00bbfont_family:Montserrat%3Aregular%2C700|font_style:700%20bold%20regular%3A700%3Anormal\u00bb css_animation=\u00bbfadeInUp\u00bb css=\u00bb.vc_custom_1614911296339{margin-top: 10px !important;}\u00bb][\/vc_column_inner][\/vc_row_inner][vc_row_inner css=\u00bb.vc_custom_1529657765084{margin-bottom: 0px !important;}\u00bb][vc_column_inner width=\u00bb2\/3&#8243;][vc_column_text css_animation=\u00bbfadeInUp\u00bb el_class=\u00bbcontact-form-black-version\u00bb]\n<div class=\"wpcf7 no-js\" id=\"wpcf7-f3022-o1\" lang=\"en-US\" dir=\"ltr\" data-wpcf7-id=\"3022\">\n<div class=\"screen-reader-response\"><p role=\"status\" aria-live=\"polite\" aria-atomic=\"true\"><\/p> <ul><\/ul><\/div>\n<form action=\"\/site\/wp-json\/wp\/v2\/pages\/869#wpcf7-f3022-o1\" method=\"post\" class=\"wpcf7-form init\" aria-label=\"Contact form\" novalidate=\"novalidate\" data-status=\"init\">\n<div style=\"display: none;\">\n<input type=\"hidden\" name=\"_wpcf7\" value=\"3022\" \/>\n<input type=\"hidden\" name=\"_wpcf7_version\" value=\"6.0.6\" \/>\n<input type=\"hidden\" name=\"_wpcf7_locale\" value=\"en_US\" \/>\n<input type=\"hidden\" name=\"_wpcf7_unit_tag\" value=\"wpcf7-f3022-o1\" \/>\n<input type=\"hidden\" name=\"_wpcf7_container_post\" value=\"0\" \/>\n<input type=\"hidden\" name=\"_wpcf7_posted_data_hash\" value=\"\" \/>\n<\/div>\n<p><label> Tu nombre<br \/>\n<span class=\"wpcf7-form-control-wrap\" data-name=\"your-name\"><input size=\"40\" maxlength=\"400\" class=\"wpcf7-form-control wpcf7-text wpcf7-validates-as-required\" aria-required=\"true\" aria-invalid=\"false\" value=\"\" type=\"text\" name=\"your-name\" \/><\/span> <\/label>\n<\/p>\n<p><label> Tu correo electr\u00f3nico<br \/>\n<span class=\"wpcf7-form-control-wrap\" data-name=\"your-email\"><input size=\"40\" maxlength=\"400\" class=\"wpcf7-form-control wpcf7-email wpcf7-validates-as-required wpcf7-text wpcf7-validates-as-email\" aria-required=\"true\" aria-invalid=\"false\" value=\"\" type=\"email\" name=\"your-email\" \/><\/span> <\/label>\n<\/p>\n<p><label> Tel\u00e9fono<br \/>\n<span class=\"wpcf7-form-control-wrap\" data-name=\"tel-283\"><input size=\"40\" maxlength=\"400\" class=\"wpcf7-form-control wpcf7-tel wpcf7-validates-as-required wpcf7-text wpcf7-validates-as-tel\" aria-required=\"true\" aria-invalid=\"false\" value=\"\" type=\"tel\" name=\"tel-283\" \/><\/span><\/label>\n<\/p>\n<p><label> Asunto<br \/>\n<span class=\"wpcf7-form-control-wrap\" data-name=\"your-subject\"><input size=\"40\" maxlength=\"400\" class=\"wpcf7-form-control wpcf7-text wpcf7-validates-as-required\" aria-required=\"true\" aria-invalid=\"false\" value=\"\" type=\"text\" name=\"your-subject\" \/><\/span> <\/label>\n<\/p>\n<p><label> Tu mensaje (optional)<br \/>\n<span class=\"wpcf7-form-control-wrap\" data-name=\"your-message\"><textarea cols=\"40\" rows=\"10\" maxlength=\"2000\" class=\"wpcf7-form-control wpcf7-textarea\" aria-invalid=\"false\" name=\"your-message\"><\/textarea><\/span> <\/label>\n<\/p>\n<p><input class=\"wpcf7-form-control wpcf7-submit has-spinner\" type=\"submit\" value=\"Enviar\" \/>\n<\/p><p style=\"display: none !important;\" class=\"akismet-fields-container\" data-prefix=\"_wpcf7_ak_\"><label>&#916;<textarea name=\"_wpcf7_ak_hp_textarea\" cols=\"45\" rows=\"8\" maxlength=\"100\"><\/textarea><\/label><input type=\"hidden\" id=\"ak_js_1\" name=\"_wpcf7_ak_js\" value=\"227\"\/><script>document.getElementById( \"ak_js_1\" ).setAttribute( \"value\", ( new Date() ).getTime() );<\/script><\/p><div class=\"wpcf7-response-output\" aria-hidden=\"true\"><\/div>\n<\/form>\n<\/div>\n[\/vc_column_text][\/vc_column_inner][vc_column_inner width=\u00bb1\/3&#8243;][vc_column_text css_animation=\u00bbfadeInUp\u00bb]<iframe loading=\"lazy\" style=\"border: 0;\" src=\"https:\/\/www.google.com\/maps\/embed?pb=!1m18!1m12!1m3!1d3901.2630705223214!2d-77.05130028523855!3d-12.094134391435773!2m3!1f0!2f0!3f0!3m2!1i1024!2i768!4f13.1!3m3!1m2!1s0x9105c8510d721a0d%3A0xb3a3d6b426d9a03e!2sLIPLATA%20PERU%20S.A.!5e0!3m2!1sen!2spe!4v1614911341303!5m2!1sen!2spe\" width=\"400\" height=\"400\" frameborder=\"0\" allowfullscreen=\"allowfullscreen\"><\/iframe>[\/vc_column_text][\/vc_column_inner][\/vc_row_inner][\/vc_column][\/vc_row]<\/p>\n<\/div>","protected":false},"excerpt":{"rendered":"<p>[vc_row full_width=\u00bbstretch_row\u00bb css=\u00bb.vc_custom_1553261080122{margin-bottom: 0px !important;padding-top: 55px !important;padding-bottom: 90px !important;background-position: center !important;background-repeat: no-repeat !important;background-size: cover !important;}\u00bb][vc_column][vc_row_inner css=\u00bb.vc_custom_1531225061169{margin-bottom: 30px !important;}\u00bb][vc_column_inner width=\u00bb1\/3&#8243;][vc_custom_heading text=\u00bbUbicaciones:\u00bb font_container=\u00bbtag:h2|font_size:17px|text_align:left|color:rgba(37%2C37%2C37%2C0.7)|line_height:20px\u00bb google_fonts=\u00bbfont_family:Montserrat%3Aregular%2C700|font_style:400%20regular%3A400%3Anormal\u00bb css_animation=\u00bbfadeInUp\u00bb][vc_custom_heading text=\u00bbLima | Chiclayo | Trujillo | Cajamarca | Arequipa | Moquegua\u00bb font_container=\u00bbtag:h2|font_size:25px|text_align:left|color:%23252525|line_height:35px\u00bb google_fonts=\u00bbfont_family:Montserrat%3Aregular%2C700|font_style:700%20bold%20regular%3A700%3Anormal\u00bb css_animation=\u00bbfadeInUp\u00bb css=\u00bb.vc_custom_1630471060159{margin-top: 10px !important;}\u00bb][\/vc_column_inner][vc_column_inner width=\u00bb1\/3&#8243;][vc_custom_heading text=\u00bbCorreo electr\u00f3nico:\u00bb font_container=\u00bbtag:h2|font_size:17px|text_align:left|color:rgba(37%2C37%2C37%2C0.7)|line_height:20px\u00bb google_fonts=\u00bbfont_family:Montserrat%3Aregular%2C700|font_style:400%20regular%3A400%3Anormal\u00bb css_animation=\u00bbfadeInUp\u00bb][vc_custom_heading text=\u00bbinfo@liplata.pe ventas@liplata.pe\u00bb font_container=\u00bbtag:h2|font_size:25px|text_align:left|color:%23252525|line_height:35px\u00bb google_fonts=\u00bbfont_family:Montserrat%3Aregular%2C700|font_style:700%20bold%20regular%3A700%3Anormal\u00bb css_animation=\u00bbfadeInUp\u00bb css=\u00bb.vc_custom_1614911257744{margin-top: 10px !important;}\u00bb][\/vc_column_inner][vc_column_inner width=\u00bb1\/3&#8243;][vc_custom_heading [&hellip;]<\/p>\n","protected":false},"author":1,"featured_media":0,"parent":0,"menu_order":0,"comment_status":"closed","ping_status":"closed","template":"","meta":{"footnotes":""},"class_list":["post-869","page","type-page","status-publish","hentry"],"_links":{"self":[{"href":"http:\/\/liplata.pe\/site\/wp-json\/wp\/v2\/pages\/869","targetHints":{"allow":["GET"]}}],"collection":[{"href":"http:\/\/liplata.pe\/site\/wp-json\/wp\/v2\/pages"}],"about":[{"href":"http:\/\/liplata.pe\/site\/wp-json\/wp\/v2\/types\/page"}],"author":[{"embeddable":true,"href":"http:\/\/liplata.pe\/site\/wp-json\/wp\/v2\/users\/1"}],"replies":[{"embeddable":true,"href":"http:\/\/liplata.pe\/site\/wp-json\/wp\/v2\/comments?post=869"}],"version-history":[{"count":3,"href":"http:\/\/liplata.pe\/site\/wp-json\/wp\/v2\/pages\/869\/revisions"}],"predecessor-version":[{"id":3279,"href":"http:\/\/liplata.pe\/site\/wp-json\/wp\/v2\/pages\/869\/revisions\/3279"}],"wp:attachment":[{"href":"http:\/\/liplata.pe\/site\/wp-json\/wp\/v2\/media?parent=869"}],"curies":[{"name":"wp","href":"https:\/\/api.w.org\/{rel}","templated":true}]}}