{"id":2037,"date":"2019-04-01T12:00:57","date_gmt":"2019-04-01T12:00:57","guid":{"rendered":"https:\/\/trankad.modeltheme.com\/?page_id=2037"},"modified":"2021-08-25T16:32:04","modified_gmt":"2021-08-25T21:32:04","slug":"noticias","status":"publish","type":"page","link":"https:\/\/liplata.pe\/site\/noticias\/","title":{"rendered":"NOTICIAS"},"content":{"rendered":"<div class=\"wpb-content-wrapper\"><p>[vc_row full_width=\u00bbstretch_row\u00bb css=\u00bb.vc_custom_1554121983631{margin-bottom: 40px !important;padding-top: 80px !important;}\u00bb][vc_column width=\u00bb2\/3&#8243;][\/vc_column][vc_column width=\u00bb1\/3&#8243;][\/vc_column][\/vc_row][vc_row][vc_column width=\u00bb2\/3&#8243;]<div class=\"title-subtile-holder wow fadeInUp text_left\"><div class=\"section-subtitle dark_subtitle\">Eventos y Actividades de la Empresa<\/div><h1 class=\"section-title dark_title\">NOTICIAS<\/h1><div class=\"section-border dark_border\"><\/div><\/div><style type=\"text\/css\">\n          .blog-posts-shortcode.blog-posts .list-view .post-details .post-name a:hover,\n          .blog-posts-shortcode.blog-posts .list-view .post-details .post-excerpt .more-link:hover {\n              color: #60d158!important;\n          }\n    <\/style><div class=\"blog-posts simple-posts blog-posts-shortcode wow fadeInUpBig\"><div class=\"row\"><div class=\"vc_col-sm-6\">\n                      <article class=\"single-post list-view\">\n                        <div class=\"blog_custom\">\n                          <!-- POST THUMBNAIL -->\n                          <div class=\"col-md-12 post-thumbnail\">\n                              <a class=\"relative\" href=\"https:\/\/liplata.pe\/site\/liplata-presenta-nuevo-servicio-integral\/\">\n                                <div class=\"featured_image_blog\"><img decoding=\"async\" class=\"blog_post_image\" src=\"https:\/\/liplata.pe\/site\/wp-content\/uploads\/2021\/08\/noticia-nuevoservicio_mini.jpg\" alt=\"Liplata presenta nuevo servicio integral\" \/><div class=\"flex-zone\">\n                                     <div class=\"flex-zone-inside\"><i class=\"fa fa-plus\" aria-hidden=\"true\"><\/i><\/div>\n                                  <\/div>\n                                <\/div>\n                              <\/a>\n                          <\/div>\n                          <!-- POST DETAILS -->\n                          <div class=\"post-details col-md-12\">\n                            <div class=\"post-category-comment-date row\">\n                              <span class=\"post-date\"><i class=\"icon-calendar\"><\/i> agosto 25, 2021<\/span>\n                              <span class=\"post-author\">\n                                  <i class=\"icon-user icons\"><\/i>\n                                  <a href=\"https:\/\/liplata.pe\/site\/author\/administrador\/\">administrador<\/a>\n                              <\/span>\n                            <\/div>\n                            <h3 class=\"post-name row\">\n                              <a href=\"https:\/\/liplata.pe\/site\/liplata-presenta-nuevo-servicio-integral\/\" title=\"Liplata presenta nuevo servicio integral\">Liplata presenta nuevo servicio integral<\/a>\n                            <\/h3>\n                            <div class=\"post-excerpt row\">\n                                <p>Liplata presenta nuevo servicio integral que reduce costos en...<\/p>\n                                <div class=\"text-element content-element\">\n                                    <p> <a class=\"more-link\" href=\"https:\/\/liplata.pe\/site\/liplata-presenta-nuevo-servicio-integral\/\">read more<i class=\"fa fa-long-arrow-right\" aria-hidden=\"true\"><\/i><\/a><\/p>\n                                <\/div>\n                            <\/div>\n                          <\/div>                       \n                        <\/div>\n                      <\/article>\n                    <\/div><div class=\"vc_col-sm-6\">\n                      <article class=\"single-post list-view\">\n                        <div class=\"blog_custom\">\n                          <!-- POST THUMBNAIL -->\n                          <div class=\"col-md-12 post-thumbnail\">\n                              <a class=\"relative\" href=\"https:\/\/liplata.pe\/site\/mitigacion-de-polvo-en-deposito-de-relave-en-minera-del-centro-del-peru\/\">\n                                <div class=\"featured_image_blog\"><img decoding=\"async\" class=\"blog_post_image\" src=\"https:\/\/liplata.pe\/site\/wp-content\/uploads\/2021\/08\/noticiacentro_mini.jpg\" alt=\"Mitigaci\u00f3n de polvo en dep\u00f3sito de relave\" \/><div class=\"flex-zone\">\n                                     <div class=\"flex-zone-inside\"><i class=\"fa fa-plus\" aria-hidden=\"true\"><\/i><\/div>\n                                  <\/div>\n                                <\/div>\n                              <\/a>\n                          <\/div>\n                          <!-- POST DETAILS -->\n                          <div class=\"post-details col-md-12\">\n                            <div class=\"post-category-comment-date row\">\n                              <span class=\"post-date\"><i class=\"icon-calendar\"><\/i> agosto 25, 2021<\/span>\n                              <span class=\"post-author\">\n                                  <i class=\"icon-user icons\"><\/i>\n                                  <a href=\"https:\/\/liplata.pe\/site\/author\/administrador\/\">administrador<\/a>\n                              <\/span>\n                            <\/div>\n                            <h3 class=\"post-name row\">\n                              <a href=\"https:\/\/liplata.pe\/site\/mitigacion-de-polvo-en-deposito-de-relave-en-minera-del-centro-del-peru\/\" title=\"Mitigaci\u00f3n de polvo en dep\u00f3sito de relave\">Mitigaci\u00f3n de polvo en dep\u00f3sito de relave<\/a>\n                            <\/h3>\n                            <div class=\"post-excerpt row\">\n                                <p>LIPLATA implementa servicio de mitigaci\u00f3n de polvo en dep\u00f3sito...<\/p>\n                                <div class=\"text-element content-element\">\n                                    <p> <a class=\"more-link\" href=\"https:\/\/liplata.pe\/site\/mitigacion-de-polvo-en-deposito-de-relave-en-minera-del-centro-del-peru\/\">read more<i class=\"fa fa-long-arrow-right\" aria-hidden=\"true\"><\/i><\/a><\/p>\n                                <\/div>\n                            <\/div>\n                          <\/div>                       \n                        <\/div>\n                      <\/article>\n                    <\/div><div class=\"vc_col-sm-6\">\n                      <article class=\"single-post list-view\">\n                        <div class=\"blog_custom\">\n                          <!-- POST THUMBNAIL -->\n                          <div class=\"col-md-12 post-thumbnail\">\n                              <a class=\"relative\" href=\"https:\/\/liplata.pe\/site\/solucion-de-control-de-polvo-para-puerto-de-ilo\/\">\n                                <div class=\"featured_image_blog\"><img decoding=\"async\" class=\"blog_post_image\" src=\"https:\/\/liplata.pe\/site\/wp-content\/uploads\/2021\/08\/ilo1_mini.jpg\" alt=\"Soluci\u00f3n de control de polvo para puerto de ILO\" \/><div class=\"flex-zone\">\n                                     <div class=\"flex-zone-inside\"><i class=\"fa fa-plus\" aria-hidden=\"true\"><\/i><\/div>\n                                  <\/div>\n                                <\/div>\n                              <\/a>\n                          <\/div>\n                          <!-- POST DETAILS -->\n                          <div class=\"post-details col-md-12\">\n                            <div class=\"post-category-comment-date row\">\n                              <span class=\"post-date\"><i class=\"icon-calendar\"><\/i> agosto 25, 2021<\/span>\n                              <span class=\"post-author\">\n                                  <i class=\"icon-user icons\"><\/i>\n                                  <a href=\"https:\/\/liplata.pe\/site\/author\/administrador\/\">administrador<\/a>\n                              <\/span>\n                            <\/div>\n                            <h3 class=\"post-name row\">\n                              <a href=\"https:\/\/liplata.pe\/site\/solucion-de-control-de-polvo-para-puerto-de-ilo\/\" title=\"Soluci\u00f3n de control de polvo para puerto de ILO\">Soluci\u00f3n de control de polvo para puerto de ILO<\/a>\n                            <\/h3>\n                            <div class=\"post-excerpt row\">\n                                <p>LIPLATA PER\u00da suministra soluci\u00f3n de control de polvo para...<\/p>\n                                <div class=\"text-element content-element\">\n                                    <p> <a class=\"more-link\" href=\"https:\/\/liplata.pe\/site\/solucion-de-control-de-polvo-para-puerto-de-ilo\/\">read more<i class=\"fa fa-long-arrow-right\" aria-hidden=\"true\"><\/i><\/a><\/p>\n                                <\/div>\n                            <\/div>\n                          <\/div>                       \n                        <\/div>\n                      <\/article>\n                    <\/div><div class=\"vc_col-sm-6\">\n                      <article class=\"single-post list-view\">\n                        <div class=\"blog_custom\">\n                          <!-- POST THUMBNAIL -->\n                          <div class=\"col-md-12 post-thumbnail\">\n                              <a class=\"relative\" href=\"https:\/\/liplata.pe\/site\/presentes-en-perumin-2013\/\">\n                                <div class=\"featured_image_blog\"><img decoding=\"async\" class=\"blog_post_image\" src=\"https:\/\/liplata.pe\/site\/wp-content\/uploads\/2021\/08\/perumin31_mini.jpg\" alt=\"Presentes en PERUMIN 2013\" \/><div class=\"flex-zone\">\n                                     <div class=\"flex-zone-inside\"><i class=\"fa fa-plus\" aria-hidden=\"true\"><\/i><\/div>\n                                  <\/div>\n                                <\/div>\n                              <\/a>\n                          <\/div>\n                          <!-- POST DETAILS -->\n                          <div class=\"post-details col-md-12\">\n                            <div class=\"post-category-comment-date row\">\n                              <span class=\"post-date\"><i class=\"icon-calendar\"><\/i> agosto 25, 2021<\/span>\n                              <span class=\"post-author\">\n                                  <i class=\"icon-user icons\"><\/i>\n                                  <a href=\"https:\/\/liplata.pe\/site\/author\/administrador\/\">administrador<\/a>\n                              <\/span>\n                            <\/div>\n                            <h3 class=\"post-name row\">\n                              <a href=\"https:\/\/liplata.pe\/site\/presentes-en-perumin-2013\/\" title=\"Presentes en PERUMIN 2013\">Presentes en PERUMIN 2013<\/a>\n                            <\/h3>\n                            <div class=\"post-excerpt row\">\n                                <p>Presentes en PERUMIN 2013...<\/p>\n                                <div class=\"text-element content-element\">\n                                    <p> <a class=\"more-link\" href=\"https:\/\/liplata.pe\/site\/presentes-en-perumin-2013\/\">read more<i class=\"fa fa-long-arrow-right\" aria-hidden=\"true\"><\/i><\/a><\/p>\n                                <\/div>\n                            <\/div>\n                          <\/div>                       \n                        <\/div>\n                      <\/article>\n                    <\/div><div class=\"vc_col-sm-6\">\n                      <article class=\"single-post list-view\">\n                        <div class=\"blog_custom\">\n                          <!-- POST THUMBNAIL -->\n                          <div class=\"col-md-12 post-thumbnail\">\n                              <a class=\"relative\" href=\"https:\/\/liplata.pe\/site\/fima-2012\/\">\n                                <div class=\"featured_image_blog\"><img decoding=\"async\" class=\"blog_post_image\" src=\"https:\/\/liplata.pe\/site\/wp-content\/uploads\/2021\/03\/FIMA_LOGO.jpg\" alt=\"FIMA 2012\" \/><div class=\"flex-zone\">\n                                     <div class=\"flex-zone-inside\"><i class=\"fa fa-plus\" aria-hidden=\"true\"><\/i><\/div>\n                                  <\/div>\n                                <\/div>\n                              <\/a>\n                          <\/div>\n                          <!-- POST DETAILS -->\n                          <div class=\"post-details col-md-12\">\n                            <div class=\"post-category-comment-date row\">\n                              <span class=\"post-date\"><i class=\"icon-calendar\"><\/i> marzo 5, 2021<\/span>\n                              <span class=\"post-author\">\n                                  <i class=\"icon-user icons\"><\/i>\n                                  <a href=\"https:\/\/liplata.pe\/site\/author\/administrador\/\">administrador<\/a>\n                              <\/span>\n                            <\/div>\n                            <h3 class=\"post-name row\">\n                              <a href=\"https:\/\/liplata.pe\/site\/fima-2012\/\" title=\"FIMA 2012\">FIMA 2012<\/a>\n                            <\/h3>\n                            <div class=\"post-excerpt row\">\n                                <p>FIMA &#8211; Feria Internacional de Medio Ambiente 2012, Lima...<\/p>\n                                <div class=\"text-element content-element\">\n                                    <p> <a class=\"more-link\" href=\"https:\/\/liplata.pe\/site\/fima-2012\/\">read more<i class=\"fa fa-long-arrow-right\" aria-hidden=\"true\"><\/i><\/a><\/p>\n                                <\/div>\n                            <\/div>\n                          <\/div>                       \n                        <\/div>\n                      <\/article>\n                    <\/div><div class=\"vc_col-sm-6\">\n                      <article class=\"single-post list-view\">\n                        <div class=\"blog_custom\">\n                          <!-- POST THUMBNAIL -->\n                          <div class=\"col-md-12 post-thumbnail\">\n                              <a class=\"relative\" href=\"https:\/\/liplata.pe\/site\/expomina-2014\/\">\n                                <div class=\"featured_image_blog\"><img decoding=\"async\" class=\"blog_post_image\" src=\"https:\/\/liplata.pe\/site\/wp-content\/uploads\/2021\/03\/expomina2014_logo.jpg\" alt=\"EXPOMINA 2014\" \/><div class=\"flex-zone\">\n                                     <div class=\"flex-zone-inside\"><i class=\"fa fa-plus\" aria-hidden=\"true\"><\/i><\/div>\n                                  <\/div>\n                                <\/div>\n                              <\/a>\n                          <\/div>\n                          <!-- POST DETAILS -->\n                          <div class=\"post-details col-md-12\">\n                            <div class=\"post-category-comment-date row\">\n                              <span class=\"post-date\"><i class=\"icon-calendar\"><\/i> marzo 5, 2021<\/span>\n                              <span class=\"post-author\">\n                                  <i class=\"icon-user icons\"><\/i>\n                                  <a href=\"https:\/\/liplata.pe\/site\/author\/administrador\/\">administrador<\/a>\n                              <\/span>\n                            <\/div>\n                            <h3 class=\"post-name row\">\n                              <a href=\"https:\/\/liplata.pe\/site\/expomina-2014\/\" title=\"EXPOMINA 2014\">EXPOMINA 2014<\/a>\n                            <\/h3>\n                            <div class=\"post-excerpt row\">\n                                <p>EXPOMINA 2014 cont\u00f3 con la participaci\u00f3n de LIPLATA PER\u00da S.A....<\/p>\n                                <div class=\"text-element content-element\">\n                                    <p> <a class=\"more-link\" href=\"https:\/\/liplata.pe\/site\/expomina-2014\/\">read more<i class=\"fa fa-long-arrow-right\" aria-hidden=\"true\"><\/i><\/a><\/p>\n                                <\/div>\n                            <\/div>\n                          <\/div>                       \n                        <\/div>\n                      <\/article>\n                    <\/div><div class=\"vc_col-sm-6\">\n                      <article class=\"single-post list-view\">\n                        <div class=\"blog_custom\">\n                          <!-- POST THUMBNAIL -->\n                          <div class=\"col-md-12 post-thumbnail\">\n                              <a class=\"relative\" href=\"https:\/\/liplata.pe\/site\/enviromine-2015\/\">\n                                <div class=\"featured_image_blog\"><img decoding=\"async\" class=\"blog_post_image\" src=\"https:\/\/liplata.pe\/site\/wp-content\/uploads\/2021\/03\/enviromine2015_logo.jpg\" alt=\"Enviromine 2015\" \/><div class=\"flex-zone\">\n                                     <div class=\"flex-zone-inside\"><i class=\"fa fa-plus\" aria-hidden=\"true\"><\/i><\/div>\n                                  <\/div>\n                                <\/div>\n                              <\/a>\n                          <\/div>\n                          <!-- POST DETAILS -->\n                          <div class=\"post-details col-md-12\">\n                            <div class=\"post-category-comment-date row\">\n                              <span class=\"post-date\"><i class=\"icon-calendar\"><\/i> marzo 5, 2021<\/span>\n                              <span class=\"post-author\">\n                                  <i class=\"icon-user icons\"><\/i>\n                                  <a href=\"https:\/\/liplata.pe\/site\/author\/administrador\/\">administrador<\/a>\n                              <\/span>\n                            <\/div>\n                            <h3 class=\"post-name row\">\n                              <a href=\"https:\/\/liplata.pe\/site\/enviromine-2015\/\" title=\"Enviromine 2015\">Enviromine 2015<\/a>\n                            <\/h3>\n                            <div class=\"post-excerpt row\">\n                                <p>ENVIROMINE 2015, 4\u00b0 SEMINARIO INTERNACIONAL DE ASUNTOS AMBIENTALES...<\/p>\n                                <div class=\"text-element content-element\">\n                                    <p> <a class=\"more-link\" href=\"https:\/\/liplata.pe\/site\/enviromine-2015\/\">read more<i class=\"fa fa-long-arrow-right\" aria-hidden=\"true\"><\/i><\/a><\/p>\n                                <\/div>\n                            <\/div>\n                          <\/div>                       \n                        <\/div>\n                      <\/article>\n                    <\/div><div class=\"vc_col-sm-6\">\n                      <article class=\"single-post list-view\">\n                        <div class=\"blog_custom\">\n                          <!-- POST THUMBNAIL -->\n                          <div class=\"col-md-12 post-thumbnail\">\n                              <a class=\"relative\" href=\"https:\/\/liplata.pe\/site\/perumin-2013\/\">\n                                <div class=\"featured_image_blog\"><img decoding=\"async\" class=\"blog_post_image\" src=\"https:\/\/liplata.pe\/site\/wp-content\/uploads\/2021\/03\/perumin31_logo.jpg\" alt=\"PERUMIN 2013\" \/><div class=\"flex-zone\">\n                                     <div class=\"flex-zone-inside\"><i class=\"fa fa-plus\" aria-hidden=\"true\"><\/i><\/div>\n                                  <\/div>\n                                <\/div>\n                              <\/a>\n                          <\/div>\n                          <!-- POST DETAILS -->\n                          <div class=\"post-details col-md-12\">\n                            <div class=\"post-category-comment-date row\">\n                              <span class=\"post-date\"><i class=\"icon-calendar\"><\/i> marzo 5, 2021<\/span>\n                              <span class=\"post-author\">\n                                  <i class=\"icon-user icons\"><\/i>\n                                  <a href=\"https:\/\/liplata.pe\/site\/author\/administrador\/\">administrador<\/a>\n                              <\/span>\n                            <\/div>\n                            <h3 class=\"post-name row\">\n                              <a href=\"https:\/\/liplata.pe\/site\/perumin-2013\/\" title=\"PERUMIN 2013\">PERUMIN 2013<\/a>\n                            <\/h3>\n                            <div class=\"post-excerpt row\">\n                                <p>31 Convenci\u00f3n Minera PERUMIN-EXTEMIN 2013 AREQUIPA, PERU...<\/p>\n                                <div class=\"text-element content-element\">\n                                    <p> <a class=\"more-link\" href=\"https:\/\/liplata.pe\/site\/perumin-2013\/\">read more<i class=\"fa fa-long-arrow-right\" aria-hidden=\"true\"><\/i><\/a><\/p>\n                                <\/div>\n                            <\/div>\n                          <\/div>                       \n                        <\/div>\n                      <\/article>\n                    <\/div><\/div><\/div>[\/vc_column][vc_column width=\u00bb1\/3&#8243;][vc_widget_sidebar sidebar_id=\u00bbblogginghomepagesidebar\u00bb][\/vc_column][\/vc_row][vc_row][vc_column width=\u00bb2\/3&#8243;][vc_column_text]\n<div class=\"wpcf7 no-js\" id=\"wpcf7-f3022-o1\" lang=\"en-US\" dir=\"ltr\" data-wpcf7-id=\"3022\">\n<div class=\"screen-reader-response\"><p role=\"status\" aria-live=\"polite\" aria-atomic=\"true\"><\/p> <ul><\/ul><\/div>\n<form action=\"\/site\/wp-json\/wp\/v2\/pages\/2037#wpcf7-f3022-o1\" method=\"post\" class=\"wpcf7-form init\" aria-label=\"Contact form\" novalidate=\"novalidate\" data-status=\"init\">\n<fieldset class=\"hidden-fields-container\"><input type=\"hidden\" name=\"_wpcf7\" value=\"3022\" \/><input type=\"hidden\" name=\"_wpcf7_version\" value=\"6.1.5\" \/><input type=\"hidden\" name=\"_wpcf7_locale\" value=\"en_US\" \/><input type=\"hidden\" name=\"_wpcf7_unit_tag\" value=\"wpcf7-f3022-o1\" \/><input type=\"hidden\" name=\"_wpcf7_container_post\" value=\"0\" \/><input type=\"hidden\" name=\"_wpcf7_posted_data_hash\" value=\"\" \/>\n<\/fieldset>\n<p><label> Tu nombre<br \/>\n<span class=\"wpcf7-form-control-wrap\" data-name=\"your-name\"><input size=\"40\" maxlength=\"400\" class=\"wpcf7-form-control wpcf7-text wpcf7-validates-as-required\" aria-required=\"true\" aria-invalid=\"false\" value=\"\" type=\"text\" name=\"your-name\" \/><\/span> <\/label>\n<\/p>\n<p><label> Tu correo electr\u00f3nico<br \/>\n<span class=\"wpcf7-form-control-wrap\" data-name=\"your-email\"><input size=\"40\" maxlength=\"400\" class=\"wpcf7-form-control wpcf7-email wpcf7-validates-as-required wpcf7-text wpcf7-validates-as-email\" aria-required=\"true\" aria-invalid=\"false\" value=\"\" type=\"email\" name=\"your-email\" \/><\/span> <\/label>\n<\/p>\n<p><label> Tel\u00e9fono<br \/>\n<span class=\"wpcf7-form-control-wrap\" data-name=\"tel-283\"><input size=\"40\" maxlength=\"400\" class=\"wpcf7-form-control wpcf7-tel wpcf7-validates-as-required wpcf7-text wpcf7-validates-as-tel\" aria-required=\"true\" aria-invalid=\"false\" value=\"\" type=\"tel\" name=\"tel-283\" \/><\/span><\/label>\n<\/p>\n<p><label> Asunto<br \/>\n<span class=\"wpcf7-form-control-wrap\" data-name=\"your-subject\"><input size=\"40\" maxlength=\"400\" class=\"wpcf7-form-control wpcf7-text wpcf7-validates-as-required\" aria-required=\"true\" aria-invalid=\"false\" value=\"\" type=\"text\" name=\"your-subject\" \/><\/span> <\/label>\n<\/p>\n<p><label> Tu mensaje (optional)<br \/>\n<span class=\"wpcf7-form-control-wrap\" data-name=\"your-message\"><textarea cols=\"40\" rows=\"10\" maxlength=\"2000\" class=\"wpcf7-form-control wpcf7-textarea\" aria-invalid=\"false\" name=\"your-message\"><\/textarea><\/span> <\/label>\n<\/p>\n<p><input class=\"wpcf7-form-control wpcf7-submit has-spinner\" type=\"submit\" value=\"Enviar\" \/>\n<\/p><p style=\"display: none !important;\" class=\"akismet-fields-container\" data-prefix=\"_wpcf7_ak_\"><label>&#916;<textarea name=\"_wpcf7_ak_hp_textarea\" cols=\"45\" rows=\"8\" maxlength=\"100\"><\/textarea><\/label><input type=\"hidden\" id=\"ak_js_1\" name=\"_wpcf7_ak_js\" value=\"18\"\/><script>document.getElementById( \"ak_js_1\" ).setAttribute( \"value\", ( new Date() ).getTime() );<\/script><\/p><div class=\"wpcf7-response-output\" aria-hidden=\"true\"><\/div>\n<\/form>\n<\/div>\n[\/vc_column_text][\/vc_column][vc_column width=\u00bb1\/3&#8243;][vc_column_text]<img decoding=\"async\" src=\"http:\/\/liplata.pe\/site\/wp-content\/uploads\/2019\/03\/contact-man-bg-3.png\" alt=\"man\" \/>[\/vc_column_text][\/vc_column][\/vc_row]<\/p>\n<\/div>","protected":false},"excerpt":{"rendered":"<p>[vc_row full_width=\u00bbstretch_row\u00bb css=\u00bb.vc_custom_1554121983631{margin-bottom: 40px !important;padding-top: 80px !important;}\u00bb][vc_column width=\u00bb2\/3&#8243;][\/vc_column][vc_column width=\u00bb1\/3&#8243;][\/vc_column][\/vc_row][vc_row][vc_column width=\u00bb2\/3&#8243;][\/vc_column][vc_column width=\u00bb1\/3&#8243;][vc_widget_sidebar sidebar_id=\u00bbblogginghomepagesidebar\u00bb][\/vc_column][\/vc_row][vc_row][vc_column width=\u00bb2\/3&#8243;][vc_column_text][\/vc_column_text][\/vc_column][vc_column width=\u00bb1\/3&#8243;][vc_column_text][\/vc_column_text][\/vc_column][\/vc_row]<\/p>\n","protected":false},"author":1,"featured_media":0,"parent":0,"menu_order":0,"comment_status":"closed","ping_status":"closed","template":"","meta":{"footnotes":""},"class_list":["post-2037","page","type-page","status-publish","hentry"],"_links":{"self":[{"href":"https:\/\/liplata.pe\/site\/wp-json\/wp\/v2\/pages\/2037","targetHints":{"allow":["GET"]}}],"collection":[{"href":"https:\/\/liplata.pe\/site\/wp-json\/wp\/v2\/pages"}],"about":[{"href":"https:\/\/liplata.pe\/site\/wp-json\/wp\/v2\/types\/page"}],"author":[{"embeddable":true,"href":"https:\/\/liplata.pe\/site\/wp-json\/wp\/v2\/users\/1"}],"replies":[{"embeddable":true,"href":"https:\/\/liplata.pe\/site\/wp-json\/wp\/v2\/comments?post=2037"}],"version-history":[{"count":6,"href":"https:\/\/liplata.pe\/site\/wp-json\/wp\/v2\/pages\/2037\/revisions"}],"predecessor-version":[{"id":3218,"href":"https:\/\/liplata.pe\/site\/wp-json\/wp\/v2\/pages\/2037\/revisions\/3218"}],"wp:attachment":[{"href":"https:\/\/liplata.pe\/site\/wp-json\/wp\/v2\/media?parent=2037"}],"curies":[{"name":"wp","href":"https:\/\/api.w.org\/{rel}","templated":true}]}}